{"id":2441,"date":"2025-11-03T15:34:31","date_gmt":"2025-11-03T14:34:31","guid":{"rendered":"https:\/\/savetheyarn.novatask.info\/shop-2\/"},"modified":"2025-11-07T17:22:10","modified_gmt":"2025-11-07T16:22:10","slug":"shop-2","status":"publish","type":"page","link":"https:\/\/savetheyarn.ch\/en\/shop-2\/","title":{"rendered":"Shop"},"content":{"rendered":"\t\t<div data-elementor-type=\"wp-page\" data-elementor-id=\"2441\" class=\"elementor elementor-2441 elementor-1651\" data-elementor-post-type=\"page\">\n\t\t\t\t<div class=\"elementor-element elementor-element-b9f40fd e-con-full e-flex e-con e-parent\" data-id=\"b9f40fd\" data-element_type=\"container\" data-e-type=\"container\">\n\t\t\t\t<div class=\"elementor-element elementor-element-a21e5bb elementor-widget elementor-widget-banner\" data-id=\"a21e5bb\" data-element_type=\"widget\" data-e-type=\"widget\" data-widget_type=\"banner.default\">\n\t\t\t\t<div class=\"elementor-widget-container\">\n\t\t\t\t\t<div class=\"banner\">\n\n\t        <img decoding=\"async\" class=\"banner-image\" src=\"https:\/\/savetheyarn.ch\/wp-content\/uploads\/2025\/11\/laden_05.jpg\" alt=\"\">\n\t\n    <div class=\"banner-inner\">\n\n        <div class=\"banner-content\">\n\n\t\t\t                <h1 class=\"banner-title\">\n                    Unser Ladengesch\u00e4ft                <\/h1>\n\t\t\t\n\t\t\t\t\t\t\t<div class=\"banner-text\">\n                    Besuchen Sie uns in unserem Laden in Basel und erleben Sie unsere Garne hautnah. F\u00fchlen Sie die Qualit\u00e4t, entdecken Sie die Farben und lassen Sie sich inspirieren. Pers\u00f6nliche Beratung kostenlos.                <\/div>\n\t\t\t\n        <\/div>\n\n    <\/div>\n\n<\/div>\n\t\t\t\t<\/div>\n\t\t\t\t<\/div>\n\t\t\t\t<\/div>\n\t\t<div class=\"elementor-element elementor-element-2f20c02 section-loose e-flex e-con-boxed e-con e-parent\" data-id=\"2f20c02\" data-element_type=\"container\" data-e-type=\"container\">\n\t\t\t\t\t<div class=\"e-con-inner\">\n\t\t<div class=\"elementor-element elementor-element-86aacc0 e-con-full e-flex e-con e-child\" data-id=\"86aacc0\" data-element_type=\"container\" data-e-type=\"container\">\n\t\t\t\t<div class=\"elementor-element elementor-element-89204ed elementor-widget elementor-widget-heading\" data-id=\"89204ed\" data-element_type=\"widget\" data-e-type=\"widget\" data-widget_type=\"heading.default\">\n\t\t\t\t\t<h2 class=\"elementor-heading-title elementor-size-default\">Save the Yarn Shop in Basel<\/h2>\t\t\t\t<\/div>\n\t\t\t\t<div class=\"elementor-element elementor-element-938627f elementor-widget elementor-widget-text-editor\" data-id=\"938627f\" data-element_type=\"widget\" data-e-type=\"widget\" data-widget_type=\"text-editor.default\">\n\t\t\t\t\t\t\t\t\t<p>Discover our full range of rescued yarns, exclusive SeeKnits circular knitting needles, the phenomenal Eucalan delicate wash, and practical knitting accessories at our Basel shop.<\/p>\t\t\t\t\t\t\t\t<\/div>\n\t\t<div class=\"elementor-element elementor-element-27a16a0 e-con-full e-flex e-con e-child\" data-id=\"27a16a0\" data-element_type=\"container\" data-e-type=\"container\">\n\t\t<div class=\"elementor-element elementor-element-ff0b096 e-con-full rounded e-flex e-con e-child\" data-id=\"ff0b096\" data-element_type=\"container\" data-e-type=\"container\" data-settings=\"{&quot;background_background&quot;:&quot;classic&quot;}\">\n\t\t\t\t<div class=\"elementor-element elementor-element-b0daad0 elementor-view-default elementor-widget elementor-widget-icon\" data-id=\"b0daad0\" data-element_type=\"widget\" data-e-type=\"widget\" data-widget_type=\"icon.default\">\n\t\t\t\t\t\t\t<div class=\"elementor-icon-wrapper\">\n\t\t\t<div class=\"elementor-icon\">\n\t\t\t<svg aria-hidden=\"true\" class=\"e-font-icon-svg e-fas-map-marker-alt\" viewBox=\"0 0 384 512\" xmlns=\"http:\/\/www.w3.org\/2000\/svg\"><path d=\"M172.268 501.67C26.97 291.031 0 269.413 0 192 0 85.961 85.961 0 192 0s192 85.961 192 192c0 77.413-26.97 99.031-172.268 309.67-9.535 13.774-29.93 13.773-39.464 0zM192 272c44.183 0 80-35.817 80-80s-35.817-80-80-80-80 35.817-80 80 35.817 80 80 80z\"><\/path><\/svg>\t\t\t<\/div>\n\t\t<\/div>\n\t\t\t\t\t\t<\/div>\n\t\t\t\t<div class=\"elementor-element elementor-element-39848fb elementor-widget elementor-widget-text-editor\" data-id=\"39848fb\" data-element_type=\"widget\" data-e-type=\"widget\" data-widget_type=\"text-editor.default\">\n\t\t\t\t\t\t\t\t\t<p>Save the Yarn<br>Feldbergstrasse 4<br>4057 Basel<\/p>\t\t\t\t\t\t\t\t<\/div>\n\t\t\t\t<\/div>\n\t\t<div class=\"elementor-element elementor-element-62cf062 e-con-full rounded e-flex e-con e-child\" data-id=\"62cf062\" data-element_type=\"container\" data-e-type=\"container\" data-settings=\"{&quot;background_background&quot;:&quot;classic&quot;}\">\n\t\t\t\t<div class=\"elementor-element elementor-element-6f3c9b6 elementor-view-default elementor-widget elementor-widget-icon\" data-id=\"6f3c9b6\" data-element_type=\"widget\" data-e-type=\"widget\" data-widget_type=\"icon.default\">\n\t\t\t\t\t\t\t<div class=\"elementor-icon-wrapper\">\n\t\t\t<div class=\"elementor-icon\">\n\t\t\t<svg aria-hidden=\"true\" class=\"e-font-icon-svg e-far-clock\" viewBox=\"0 0 512 512\" xmlns=\"http:\/\/www.w3.org\/2000\/svg\"><path d=\"M256 8C119 8 8 119 8 256s111 248 248 248 248-111 248-248S393 8 256 8zm0 448c-110.5 0-200-89.5-200-200S145.5 56 256 56s200 89.5 200 200-89.5 200-200 200zm61.8-104.4l-84.9-61.7c-3.1-2.3-4.9-5.9-4.9-9.7V116c0-6.6 5.4-12 12-12h32c6.6 0 12 5.4 12 12v141.7l66.8 48.6c5.4 3.9 6.5 11.4 2.6 16.8L334.6 349c-3.9 5.3-11.4 6.5-16.8 2.6z\"><\/path><\/svg>\t\t\t<\/div>\n\t\t<\/div>\n\t\t\t\t\t\t<\/div>\n\t\t\t\t<div class=\"elementor-element elementor-element-9dae792 elementor-widget elementor-widget-text-editor\" data-id=\"9dae792\" data-element_type=\"widget\" data-e-type=\"widget\" data-widget_type=\"text-editor.default\">\n\t\t\t\t\t\t\t\t\t<table><tbody><tr><th>Thu.<\/th><td>10 AM \u2013 5 PM<\/td><\/tr><tr><th>Fri.<\/th><td>10 AM \u2013 6 PM<\/td><\/tr><tr><th>Sat.<\/th><td>10 AM \u2013 5 PM<\/td><\/tr><\/tbody><\/table>\t\t\t\t\t\t\t\t<\/div>\n\t\t\t\t<\/div>\n\t\t\t\t<\/div>\n\t\t\t\t<\/div>\n\t\t<div class=\"elementor-element elementor-element-9efd00e e-con-full e-flex e-con e-child\" data-id=\"9efd00e\" data-element_type=\"container\" data-e-type=\"container\">\n\t\t\t\t<div class=\"elementor-element elementor-element-c91ae4c elementor-widget elementor-widget-google_maps\" data-id=\"c91ae4c\" data-element_type=\"widget\" data-e-type=\"widget\" data-widget_type=\"google_maps.default\">\n\t\t\t\t\t\t\t<div class=\"elementor-custom-embed\">\n\t\t\t <div class=\"brlbs-cmpnt-container brlbs-cmpnt-content-blocker brlbs-cmpnt-with-individual-styles\" data-borlabs-cookie-content-blocker-id=\"google-maps\" data-borlabs-cookie-content=\"PGlmcmFtZSBsb2FkaW5nPSJsYXp5IgoJCQkJCXNyYz0iaHR0cHM6Ly9tYXBzLmdvb2dsZS5jb20vbWFwcz9xPVNhdmUlMjB0aGUlMjBZYXJuJTJDJTIwRmVsZGJlcmdzdHJhc3NlJTIwNCUyQyUyMDQwNTclMjBCYXNlbCYjMDM4O3Q9bSYjMDM4O3o9MTYmIzAzODtvdXRwdXQ9ZW1iZWQmIzAzODtpd2xvYz1uZWFyIgoJCQkJCXRpdGxlPSJTYXZlIHRoZSBZYXJuLCBGZWxkYmVyZ3N0cmFzc2UgNCwgNDA1NyBCYXNlbCIKCQkJCQlhcmlhLWxhYmVsPSJTYXZlIHRoZSBZYXJuLCBGZWxkYmVyZ3N0cmFzc2UgNCwgNDA1NyBCYXNlbCIKCQkJPjwvaWZyYW1lPg==\"><div class=\"brlbs-cmpnt-cb-preset-b brlbs-cmpnt-cb-google-maps\"> <div class=\"brlbs-cmpnt-cb-thumbnail\" style=\"background-image: url('https:\/\/savetheyarn.ch\/wp-content\/uploads\/borlabs-cookie\/1\/brlbs-cb-google-maps-main.png')\"><\/div> <div class=\"brlbs-cmpnt-cb-main\"> <div class=\"brlbs-cmpnt-cb-content\"> <p class=\"brlbs-cmpnt-cb-description\">You are currently viewing a placeholder content from <strong>Google Maps<\/strong>. To access the actual content, click the button below. Please note that doing so will share data with third-party providers.<\/p> <a class=\"brlbs-cmpnt-cb-provider-toggle\" href=\"#\" data-borlabs-cookie-show-provider-information role=\"button\">More Information<\/a> <\/div> <div class=\"brlbs-cmpnt-cb-buttons\"> <a class=\"brlbs-cmpnt-cb-btn\" href=\"#\" data-borlabs-cookie-unblock role=\"button\">Unblock content<\/a> <a class=\"brlbs-cmpnt-cb-btn\" href=\"#\" data-borlabs-cookie-accept-service role=\"button\" style=\"display: inherit\">Accept required service and unblock content<\/a> <\/div> <\/div> <\/div><\/div>\n\t\t<\/div>\n\t\t\t\t\t\t<\/div>\n\t\t\t\t<\/div>\n\t\t\t\t\t<\/div>\n\t\t\t\t<\/div>\n\t\t<div class=\"elementor-element elementor-element-abc9a61 section e-flex e-con-boxed e-con e-parent\" data-id=\"abc9a61\" data-element_type=\"container\" data-e-type=\"container\" data-settings=\"{&quot;background_background&quot;:&quot;classic&quot;}\">\n\t\t\t\t\t<div class=\"e-con-inner\">\n\t\t<div class=\"elementor-element elementor-element-7ef287f e-con-full e-flex e-con e-child\" data-id=\"7ef287f\" data-element_type=\"container\" data-e-type=\"container\">\n\t\t\t\t<div class=\"elementor-element elementor-element-2cf1e4a elementor-widget elementor-widget-heading\" data-id=\"2cf1e4a\" data-element_type=\"widget\" data-e-type=\"widget\" data-widget_type=\"heading.default\">\n\t\t\t\t\t<h2 class=\"elementor-heading-title elementor-size-default\">Shop Impressions<\/h2>\t\t\t\t<\/div>\n\t\t\t\t<div class=\"elementor-element elementor-element-1728e8c elementor-arrows-position-outside elementor-widget elementor-widget-image-carousel\" data-id=\"1728e8c\" data-element_type=\"widget\" data-e-type=\"widget\" data-settings=\"{&quot;slides_to_show&quot;:&quot;4&quot;,&quot;navigation&quot;:&quot;arrows&quot;,&quot;image_spacing_custom&quot;:{&quot;unit&quot;:&quot;px&quot;,&quot;size&quot;:30,&quot;sizes&quot;:[]},&quot;slides_to_show_tablet&quot;:&quot;3&quot;,&quot;autoplay&quot;:&quot;yes&quot;,&quot;pause_on_hover&quot;:&quot;yes&quot;,&quot;pause_on_interaction&quot;:&quot;yes&quot;,&quot;autoplay_speed&quot;:5000,&quot;infinite&quot;:&quot;yes&quot;,&quot;speed&quot;:500,&quot;image_spacing_custom_tablet&quot;:{&quot;unit&quot;:&quot;px&quot;,&quot;size&quot;:&quot;&quot;,&quot;sizes&quot;:[]},&quot;image_spacing_custom_mobile&quot;:{&quot;unit&quot;:&quot;px&quot;,&quot;size&quot;:&quot;&quot;,&quot;sizes&quot;:[]}}\" data-widget_type=\"image-carousel.default\">\n\t\t\t\t\t\t\t<div class=\"elementor-image-carousel-wrapper swiper\" role=\"region\" aria-roledescription=\"carousel\" aria-label=\"Bild Karussell\" dir=\"ltr\">\n\t\t\t<div class=\"elementor-image-carousel swiper-wrapper\" aria-live=\"off\">\n\t\t\t\t\t\t\t\t<div class=\"swiper-slide\" role=\"group\" aria-roledescription=\"slide\" aria-label=\"1 of 6\"><a data-elementor-open-lightbox=\"yes\" data-elementor-lightbox-slideshow=\"1728e8c\" data-e-action-hash=\"#elementor-action%3Aaction%3Dlightbox%26settings%3DeyJpZCI6MjQ0NCwidXJsIjoiaHR0cHM6XC9cL3NhdmV0aGV5YXJuLmNoXC93cC1jb250ZW50XC91cGxvYWRzXC8yMDI1XC8xMVwvbGFkZW5fMDYuanBnIiwic2xpZGVzaG93IjoiMTcyOGU4YyJ9\" href=\"https:\/\/savetheyarn.ch\/wp-content\/uploads\/2025\/11\/laden_06.jpg\"><figure class=\"swiper-slide-inner\"><img decoding=\"async\" class=\"swiper-slide-image\" src=\"https:\/\/savetheyarn.ch\/wp-content\/uploads\/2025\/11\/laden_06-768x1024.jpg\" alt=\"laden_06\" \/><\/figure><\/a><\/div><div class=\"swiper-slide\" role=\"group\" aria-roledescription=\"slide\" aria-label=\"2 of 6\"><a data-elementor-open-lightbox=\"yes\" data-elementor-lightbox-slideshow=\"1728e8c\" data-e-action-hash=\"#elementor-action%3Aaction%3Dlightbox%26settings%3DeyJpZCI6MjQ0NSwidXJsIjoiaHR0cHM6XC9cL3NhdmV0aGV5YXJuLmNoXC93cC1jb250ZW50XC91cGxvYWRzXC8yMDI1XC8xMVwvbGFkZW5fMDUuanBnIiwic2xpZGVzaG93IjoiMTcyOGU4YyJ9\" href=\"https:\/\/savetheyarn.ch\/wp-content\/uploads\/2025\/11\/laden_05.jpg\"><figure class=\"swiper-slide-inner\"><img decoding=\"async\" class=\"swiper-slide-image\" src=\"https:\/\/savetheyarn.ch\/wp-content\/uploads\/2025\/11\/laden_05-768x1024.jpg\" alt=\"Blick ins Ladengesch\u00e4ft von Save the Yarn in Basel\" \/><\/figure><\/a><\/div><div class=\"swiper-slide\" role=\"group\" aria-roledescription=\"slide\" aria-label=\"3 of 6\"><a data-elementor-open-lightbox=\"yes\" data-elementor-lightbox-slideshow=\"1728e8c\" data-e-action-hash=\"#elementor-action%3Aaction%3Dlightbox%26settings%3DeyJpZCI6MjQ0NiwidXJsIjoiaHR0cHM6XC9cL3NhdmV0aGV5YXJuLmNoXC93cC1jb250ZW50XC91cGxvYWRzXC8yMDI1XC8xMVwvbGFkZW5fMDQuanBnIiwic2xpZGVzaG93IjoiMTcyOGU4YyJ9\" href=\"https:\/\/savetheyarn.ch\/wp-content\/uploads\/2025\/11\/laden_04.jpg\"><figure class=\"swiper-slide-inner\"><img decoding=\"async\" class=\"swiper-slide-image\" src=\"https:\/\/savetheyarn.ch\/wp-content\/uploads\/2025\/11\/laden_04-768x1024.jpg\" alt=\"laden_04\" \/><\/figure><\/a><\/div><div class=\"swiper-slide\" role=\"group\" aria-roledescription=\"slide\" aria-label=\"4 of 6\"><a data-elementor-open-lightbox=\"yes\" data-elementor-lightbox-slideshow=\"1728e8c\" data-e-action-hash=\"#elementor-action%3Aaction%3Dlightbox%26settings%3DeyJpZCI6MjQ0NywidXJsIjoiaHR0cHM6XC9cL3NhdmV0aGV5YXJuLmNoXC93cC1jb250ZW50XC91cGxvYWRzXC8yMDI1XC8xMVwvbGFkZW5fMDMuanBnIiwic2xpZGVzaG93IjoiMTcyOGU4YyJ9\" href=\"https:\/\/savetheyarn.ch\/wp-content\/uploads\/2025\/11\/laden_03.jpg\"><figure class=\"swiper-slide-inner\"><img decoding=\"async\" class=\"swiper-slide-image\" src=\"https:\/\/savetheyarn.ch\/wp-content\/uploads\/2025\/11\/laden_03-768x1024.jpg\" alt=\"laden_03\" \/><\/figure><\/a><\/div><div class=\"swiper-slide\" role=\"group\" aria-roledescription=\"slide\" aria-label=\"5 of 6\"><a data-elementor-open-lightbox=\"yes\" data-elementor-lightbox-slideshow=\"1728e8c\" data-e-action-hash=\"#elementor-action%3Aaction%3Dlightbox%26settings%3DeyJpZCI6MjQ0OCwidXJsIjoiaHR0cHM6XC9cL3NhdmV0aGV5YXJuLmNoXC93cC1jb250ZW50XC91cGxvYWRzXC8yMDI1XC8xMVwvbGFkZW5fMDIuanBnIiwic2xpZGVzaG93IjoiMTcyOGU4YyJ9\" href=\"https:\/\/savetheyarn.ch\/wp-content\/uploads\/2025\/11\/laden_02.jpg\"><figure class=\"swiper-slide-inner\"><img decoding=\"async\" class=\"swiper-slide-image\" src=\"https:\/\/savetheyarn.ch\/wp-content\/uploads\/2025\/11\/laden_02-768x1024.jpg\" alt=\"laden_02\" \/><\/figure><\/a><\/div><div class=\"swiper-slide\" role=\"group\" aria-roledescription=\"slide\" aria-label=\"6 of 6\"><a data-elementor-open-lightbox=\"yes\" data-elementor-lightbox-slideshow=\"1728e8c\" data-e-action-hash=\"#elementor-action%3Aaction%3Dlightbox%26settings%3DeyJpZCI6MjQ0OSwidXJsIjoiaHR0cHM6XC9cL3NhdmV0aGV5YXJuLmNoXC93cC1jb250ZW50XC91cGxvYWRzXC8yMDI1XC8xMVwvbGFkZW5fMDEuanBnIiwic2xpZGVzaG93IjoiMTcyOGU4YyJ9\" href=\"https:\/\/savetheyarn.ch\/wp-content\/uploads\/2025\/11\/laden_01.jpg\"><figure class=\"swiper-slide-inner\"><img decoding=\"async\" class=\"swiper-slide-image\" src=\"https:\/\/savetheyarn.ch\/wp-content\/uploads\/2025\/11\/laden_01-768x1024.jpg\" alt=\"store_01\" \/><\/figure><\/a><\/div>\t\t\t<\/div>\n\t\t\t\t\t\t\t\t\t\t\t\t<div class=\"elementor-swiper-button elementor-swiper-button-prev\" role=\"button\" tabindex=\"0\">\n\t\t\t\t\t\t<svg xmlns=\"http:\/\/www.w3.org\/2000\/svg\" xmlns:xlink=\"http:\/\/www.w3.org\/1999\/xlink\" xmlns:serif=\"http:\/\/www.serif.com\/\" width=\"100%\" height=\"100%\" viewBox=\"0 0 35 15\" xml:space=\"preserve\" style=\"fill-rule:evenodd;clip-rule:evenodd;stroke-linejoin:round;stroke-miterlimit:2;\">    <g transform=\"matrix(1,0,0,1,-8.75e-07,-5.2625e-05)\">        <path d=\"M0.293,6.657C-0.098,7.047 -0.098,7.681 0.293,8.071L6.657,14.435C7.047,14.826 7.681,14.826 8.071,14.435C8.462,14.045 8.462,13.411 8.071,13.021L2.414,7.364L8.071,1.707C8.462,1.317 8.462,0.683 8.071,0.293C7.681,-0.098 7.047,-0.098 6.657,0.293L0.293,6.657ZM35,8.364L35,6.364L1,6.364L1,8.364L35,8.364Z\" style=\"fill:rgb(185,185,185);fill-rule:nonzero;\"><\/path>    <\/g><\/svg>\t\t\t\t\t<\/div>\n\t\t\t\t\t<div class=\"elementor-swiper-button elementor-swiper-button-next\" role=\"button\" tabindex=\"0\">\n\t\t\t\t\t\t<svg xmlns=\"http:\/\/www.w3.org\/2000\/svg\" xmlns:xlink=\"http:\/\/www.w3.org\/1999\/xlink\" xmlns:serif=\"http:\/\/www.serif.com\/\" width=\"100%\" height=\"100%\" viewBox=\"0 0 35 15\" xml:space=\"preserve\" style=\"fill-rule:evenodd;clip-rule:evenodd;stroke-linejoin:round;stroke-miterlimit:2;\">    <g transform=\"matrix(1,0,0,1,-8.75e-07,-5.2625e-05)\">        <g transform=\"matrix(-1,1.22465e-16,-1.22465e-16,-1,35,14.728)\">            <path d=\"M0.293,6.657C-0.098,7.047 -0.098,7.681 0.293,8.071L6.657,14.435C7.047,14.826 7.681,14.826 8.071,14.435C8.462,14.045 8.462,13.411 8.071,13.021L2.414,7.364L8.071,1.707C8.462,1.317 8.462,0.683 8.071,0.293C7.681,-0.098 7.047,-0.098 6.657,0.293L0.293,6.657ZM35,8.364L35,6.364L1,6.364L1,8.364L35,8.364Z\" style=\"fill:rgb(185,185,185);fill-rule:nonzero;\"><\/path>        <\/g>    <\/g><\/svg>\t\t\t\t\t<\/div>\n\t\t\t\t\n\t\t\t\t\t\t\t\t\t<\/div>\n\t\t\t\t\t\t<\/div>\n\t\t\t\t<\/div>\n\t\t\t\t\t<\/div>\n\t\t\t\t<\/div>\n\t\t\t\t<\/div>\n\t\t","protected":false},"excerpt":{"rendered":"<p>Unser Ladengesch\u00e4ft Besuchen Sie uns in unserem Laden in Basel und erleben Sie unsere Garne hautnah. F\u00fchlen Sie die Qualit\u00e4t, entdecken Sie die Farben und lassen Sie sich inspirieren. Pers\u00f6nliche Beratung kostenlos. Save the Yarn Shop in Basel Discover our full range of rescued yarns, exclusive SeeKnits circular knitting needles, the phenomenal Eucalan delicate wash, [&hellip;]<\/p>\n","protected":false},"author":1,"featured_media":0,"parent":0,"menu_order":20,"comment_status":"closed","ping_status":"closed","template":"","meta":{"_acf_changed":false,"footnotes":""},"class_list":["post-2441","page","type-page","status-publish","hentry"],"acf":[],"_links":{"self":[{"href":"https:\/\/savetheyarn.ch\/en\/wp-json\/wp\/v2\/pages\/2441","targetHints":{"allow":["GET"]}}],"collection":[{"href":"https:\/\/savetheyarn.ch\/en\/wp-json\/wp\/v2\/pages"}],"about":[{"href":"https:\/\/savetheyarn.ch\/en\/wp-json\/wp\/v2\/types\/page"}],"author":[{"embeddable":true,"href":"https:\/\/savetheyarn.ch\/en\/wp-json\/wp\/v2\/users\/1"}],"replies":[{"embeddable":true,"href":"https:\/\/savetheyarn.ch\/en\/wp-json\/wp\/v2\/comments?post=2441"}],"version-history":[{"count":5,"href":"https:\/\/savetheyarn.ch\/en\/wp-json\/wp\/v2\/pages\/2441\/revisions"}],"predecessor-version":[{"id":3268,"href":"https:\/\/savetheyarn.ch\/en\/wp-json\/wp\/v2\/pages\/2441\/revisions\/3268"}],"wp:attachment":[{"href":"https:\/\/savetheyarn.ch\/en\/wp-json\/wp\/v2\/media?parent=2441"}],"curies":[{"name":"wp","href":"https:\/\/api.w.org\/{rel}","templated":true}]}}