{"id":2478,"date":"2025-11-03T18:44:45","date_gmt":"2025-11-03T17:44:45","guid":{"rendered":"https:\/\/savetheyarn.novatask.info\/imprint\/"},"modified":"2025-11-07T17:08:01","modified_gmt":"2025-11-07T16:08:01","slug":"imprint","status":"publish","type":"page","link":"https:\/\/savetheyarn.ch\/en\/imprint\/","title":{"rendered":"Imprint"},"content":{"rendered":"\t\t<div data-elementor-type=\"wp-page\" data-elementor-id=\"2478\" class=\"elementor elementor-2478 elementor-1780\" data-elementor-post-type=\"page\">\n\t\t\t\t<div class=\"elementor-element elementor-element-79180f6 section e-flex e-con-boxed e-con e-parent\" data-id=\"79180f6\" data-element_type=\"container\" data-e-type=\"container\">\n\t\t\t\t\t<div class=\"e-con-inner\">\n\t\t<div class=\"elementor-element elementor-element-5a5f4da e-con-full e-flex e-con e-child\" data-id=\"5a5f4da\" data-element_type=\"container\" data-e-type=\"container\">\n\t\t\t\t<div class=\"elementor-element elementor-element-02425e4 elementor-widget elementor-widget-heading\" data-id=\"02425e4\" data-element_type=\"widget\" data-e-type=\"widget\" data-widget_type=\"heading.default\">\n\t\t\t\t\t<h1 class=\"elementor-heading-title elementor-size-default\">Imprint<\/h1>\t\t\t\t<\/div>\n\t\t\t\t<div class=\"elementor-element elementor-element-9d2adf8 elementor-widget elementor-widget-text-editor\" data-id=\"9d2adf8\" data-element_type=\"widget\" data-e-type=\"widget\" data-widget_type=\"text-editor.default\">\n\t\t\t\t\t\t\t\t\t<h2>Contact Address<\/h2><p>Gry Kr\u00f8jer Persson<br>F\u00fcrfelderstrasse 30<br>4125 Riehen<br>Switzerland<br><a href=\"mailto:info@savetheyarn.com\">info@savetheyarn.com<\/a><\/p><h2>Authorized Representative(S)<\/h2><p>Gry Kr\u00f8jer Persson<\/p><h2>Technical Implementation<\/h2><p>Webtimal GmbH<br>Gundeldingerstrasse 170<br>4053 Basel<br><a href=\"https:\/\/www.webtimal.ch\" target=\"_blank\" rel=\"noopener\">www.webtimal.ch<\/a><\/p><h2>Commercial Register Entry<\/h2><p>Registered Company Name: byKr\u00f8jer<br>Commercial Register No: CHE-202547.049<\/p><h2>Disclaimer<\/h2><p>The author accepts no responsibility for the correctness, accuracy, timeliness, reliability, or completeness of the information.<\/p><p>Liability claims against the author for material or immaterial damages resulting from the access or use or non-use of the published information, from misuse of the connection, or from technical malfunctions are excluded.<\/p><p>All offers are non-binding. The author expressly reserves the right to change, supplement, or delete parts of the pages or the entire offer without prior notice, or to temporarily or permanently discontinue publication.<\/p><h2>Disclaimer for Links<\/h2><p>References and links to third-party websites are beyond our responsibility. Any responsibility for such websites is disclaimed. Access to and use of such websites is at the user&#8217;s own risk.<\/p><h2>Copyrights<\/h2><p>The copyrights and all other rights to content, images, photos, or other files on this website belong exclusively to <strong>Gry Kr\u00f8jer Persson<\/strong> or the specifically named rights holders. For the reproduction of any elements, the written consent of the copyright holder must be obtained in advance.<\/p><div class=\"entry-content\"><p>Source: <a href=\"https:\/\/www.swissanwalt.ch\/\" target=\"_blank\" rel=\"noopener\">SwissAnwalt<\/a><\/p><\/div>\t\t\t\t\t\t\t\t<\/div>\n\t\t\t\t<\/div>\n\t\t\t\t\t<\/div>\n\t\t\t\t<\/div>\n\t\t\t\t<\/div>\n\t\t","protected":false},"excerpt":{"rendered":"<p>Contact Address Gry Kr\u00f8jer PerssonF\u00fcrfelderstrasse 304125 RiehenSwitzerlandinfo@savetheyarn.com Authorized Representative(S) Gry Kr\u00f8jer Persson Technical Implementation Webtimal GmbHGundeldingerstrasse 1704053 Baselwww.webtimal.ch Commercial Register Entry Registered Company Name: byKr\u00f8jerCommercial Register No: CHE-202547.049 Disclaimer The author accepts no responsibility for the correctness, accuracy, timeliness, reliability, or completeness of the information. Liability claims against the author for material or immaterial damages [&hellip;]<\/p>\n","protected":false},"author":1,"featured_media":0,"parent":0,"menu_order":90,"comment_status":"closed","ping_status":"closed","template":"","meta":{"_acf_changed":false,"footnotes":""},"class_list":["post-2478","page","type-page","status-publish","hentry"],"acf":[],"_links":{"self":[{"href":"https:\/\/savetheyarn.ch\/en\/wp-json\/wp\/v2\/pages\/2478","targetHints":{"allow":["GET"]}}],"collection":[{"href":"https:\/\/savetheyarn.ch\/en\/wp-json\/wp\/v2\/pages"}],"about":[{"href":"https:\/\/savetheyarn.ch\/en\/wp-json\/wp\/v2\/types\/page"}],"author":[{"embeddable":true,"href":"https:\/\/savetheyarn.ch\/en\/wp-json\/wp\/v2\/users\/1"}],"replies":[{"embeddable":true,"href":"https:\/\/savetheyarn.ch\/en\/wp-json\/wp\/v2\/comments?post=2478"}],"version-history":[{"count":1,"href":"https:\/\/savetheyarn.ch\/en\/wp-json\/wp\/v2\/pages\/2478\/revisions"}],"predecessor-version":[{"id":2479,"href":"https:\/\/savetheyarn.ch\/en\/wp-json\/wp\/v2\/pages\/2478\/revisions\/2479"}],"wp:attachment":[{"href":"https:\/\/savetheyarn.ch\/en\/wp-json\/wp\/v2\/media?parent=2478"}],"curies":[{"name":"wp","href":"https:\/\/api.w.org\/{rel}","templated":true}]}}